{"id":6,"date":"2013-08-23T09:30:10","date_gmt":"2013-08-23T09:30:10","guid":{"rendered":"http:\/\/usgpl.hr\/?page_id=6"},"modified":"2013-09-10T06:13:18","modified_gmt":"2013-09-10T06:13:18","slug":"o-nama","status":"publish","type":"page","link":"https:\/\/usgpl.hr\/?page_id=6","title":{"rendered":"Projekti"},"content":{"rendered":"<p><span style=\"line-height: 1.5;\">\u00a0<\/span><\/p>\n<p>PROJEKTI KOJI SU ODOBRENI I KOJI SU USPJE\u0160NO PROVEDENI:<\/p>\n<p>1. Zaklada Slagalica iz Osijeka odobrila je projekt za izgradnju sjenice u iznosu od 15.000,00 kn<\/p>\n<p><a href=\"http:\/\/usgpl.hr\/wp-content\/uploads\/2013\/08\/SDC10989.jpg\"><img loading=\"lazy\" class=\"alignnone  wp-image-38\" alt=\"\" src=\"http:\/\/usgpl.hr\/wp-content\/uploads\/2013\/08\/SDC10989-300x225.jpg\" width=\"240\" height=\"180\" \/><\/a> <a href=\"http:\/\/usgpl.hr\/wp-content\/uploads\/2013\/08\/SDC12058.jpg\"><img loading=\"lazy\" class=\"alignnone  wp-image-39\" alt=\"\" src=\"http:\/\/usgpl.hr\/wp-content\/uploads\/2013\/08\/SDC12058-300x225.jpg\" width=\"240\" height=\"180\" \/><\/a> <a href=\"http:\/\/usgpl.hr\/wp-content\/uploads\/2013\/08\/SDC12059.jpg\"><img loading=\"lazy\" class=\"alignnone  wp-image-40\" alt=\"\" src=\"http:\/\/usgpl.hr\/wp-content\/uploads\/2013\/08\/SDC12059-300x225.jpg\" width=\"240\" height=\"180\" \/><\/a>\u00a0<a href=\"http:\/\/usgpl.hr\/wp-content\/uploads\/2013\/08\/SDC12060.jpg\"><img loading=\"lazy\" class=\" wp-image-43 alignnone\" alt=\"\" src=\"http:\/\/usgpl.hr\/wp-content\/uploads\/2013\/08\/SDC12060-300x225.jpg\" width=\"240\" height=\"180\" \/><\/a><\/p>\n<p>2. Ministarstvo zdravlja i socijalne skrbi odobrilo je projekt\u00a0 u iznosu od 100.000,00 kn iz \u010dega su financirani osobni dohodci djelatnih osoba.<\/p>\n<p>3. Projekt koji je u tijeku a odobren je 01.06.2013, od strane Nacionalne zaklade za razvoj civilnog dru\u0161tva u iznosu od 90.500,00 kn, projekt je u tijeku.<\/p>\n<p>U sklopu projekta Nacionalne zaklade za razvoj civilnog dru\u0161tva odr\u017eane su dvije od pet radionica psiholo\u0161ke podr\u0161ke \u010dlanovima Udruge\u00a0 koje je odr\u017eala gospo\u0111a psihologinja Magdalena \u017divkovi\u0107.\u00a0 U planu su jo\u0161 tri radionice do kraja godine.<\/p>\n<p><a href=\"http:\/\/usgpl.hr\/wp-content\/uploads\/2013\/08\/IMG_0001.jpg\"><img loading=\"lazy\" class=\"alignnone size-medium wp-image-116\" alt=\"IMG_0001\" src=\"http:\/\/usgpl.hr\/wp-content\/uploads\/2013\/08\/IMG_0001-300x225.jpg\" width=\"300\" height=\"225\" \/><\/a> <a href=\"http:\/\/usgpl.hr\/wp-content\/uploads\/2013\/08\/IMG_0005.jpg\"><img loading=\"lazy\" class=\"alignnone size-medium wp-image-117\" alt=\"IMG_0005\" src=\"http:\/\/usgpl.hr\/wp-content\/uploads\/2013\/08\/IMG_0005-300x225.jpg\" width=\"300\" height=\"225\" \/><\/a> <a href=\"http:\/\/usgpl.hr\/wp-content\/uploads\/2013\/08\/IMG_0006.jpg\"><img loading=\"lazy\" class=\"alignnone size-medium wp-image-118\" alt=\"IMG_0006\" src=\"http:\/\/usgpl.hr\/wp-content\/uploads\/2013\/08\/IMG_0006-300x225.jpg\" width=\"300\" height=\"225\" \/><\/a><\/p>\n<p>&nbsp;<\/p>\n<p>&nbsp;<\/p>\n","protected":false},"excerpt":{"rendered":"<p>\u00a0 PROJEKTI KOJI SU ODOBRENI I KOJI SU USPJE\u0160NO PROVEDENI: 1. Zaklada Slagalica iz Osijeka odobrila je projekt za izgradnju sjenice u iznosu od 15.000,00 kn \u00a0 2. Ministarstvo zdravlja i socijalne skrbi odobrilo je projekt\u00a0 u iznosu od 100.000,00 kn iz \u010dega su financirani osobni dohodci djelatnih osoba. 3. Projekt koji je u tijeku [&hellip;]<\/p>\n","protected":false},"author":1,"featured_media":0,"parent":0,"menu_order":0,"comment_status":"closed","ping_status":"closed","template":"","meta":[],"_links":{"self":[{"href":"https:\/\/usgpl.hr\/index.php?rest_route=\/wp\/v2\/pages\/6"}],"collection":[{"href":"https:\/\/usgpl.hr\/index.php?rest_route=\/wp\/v2\/pages"}],"about":[{"href":"https:\/\/usgpl.hr\/index.php?rest_route=\/wp\/v2\/types\/page"}],"author":[{"embeddable":true,"href":"https:\/\/usgpl.hr\/index.php?rest_route=\/wp\/v2\/users\/1"}],"replies":[{"embeddable":true,"href":"https:\/\/usgpl.hr\/index.php?rest_route=%2Fwp%2Fv2%2Fcomments&post=6"}],"version-history":[{"count":9,"href":"https:\/\/usgpl.hr\/index.php?rest_route=\/wp\/v2\/pages\/6\/revisions"}],"predecessor-version":[{"id":119,"href":"https:\/\/usgpl.hr\/index.php?rest_route=\/wp\/v2\/pages\/6\/revisions\/119"}],"wp:attachment":[{"href":"https:\/\/usgpl.hr\/index.php?rest_route=%2Fwp%2Fv2%2Fmedia&parent=6"}],"curies":[{"name":"wp","href":"https:\/\/api.w.org\/{rel}","templated":true}]}}