{"id":1368,"date":"2026-02-26T10:14:51","date_gmt":"2026-02-26T10:14:51","guid":{"rendered":"https:\/\/usgpl.hr\/?page_id=1368"},"modified":"2026-02-26T10:34:10","modified_gmt":"2026-02-26T10:34:10","slug":"nacionalna-zaklada","status":"publish","type":"page","link":"https:\/\/usgpl.hr\/?page_id=1368","title":{"rendered":"Nacionalna zaklada"},"content":{"rendered":"\n<p><strong>NACIONALNA ZAKLADA<\/strong> \u2013 institucionalna podr\u0161ka udrugama osoba s invaliditetom<\/p>\n\n\n\n<p>Period trajanja <em>prve godine<\/em> provedbe:<strong> 01.01.2026.-31.12.2026.g.<\/strong><\/p>\n\n\n\n<p>Iznos za <em>prvu godinu<\/em> potpore: <strong>17.280,00 \u20ac<\/strong><\/p>\n\n\n\n<p>Tekst:<\/p>\n\n\n\n<p>Nacionalna zaklada je vode\u0107a javna institucija za suradnju, povezivanje i financiranje organizacija civilnoga dru\u0161tva u Republici Hrvatskoj. Pru\u017ea sustavnu podr\u0161ku promicanju i razvoju civilnoga dru\u0161tva kroz programe dodjele financijskih sredstava, sufinanciranjem EU projekata, putem me\u0111unarodnih programa i programa Europske unije.<\/p>\n\n\n\n<p>Zahvaljujemo se&nbsp;<a href=\"https:\/\/zaklada.civilnodrustvo.hr\/upload\/File\/hr\/natjecaji\/natjecaji_zaklade\/objave_i_dokumentacija\/2009\/20_kolovoz\/pp6\/tekst_natjecaja.pdf\">Nacionalnoj zakladi za razvoj civilnog dru\u0161tva<\/a>!<\/p>\n\n\n\n<div class=\"wp-block-image\"><figure class=\"aligncenter size-large is-resized\"><a href=\"https:\/\/usgpl.hr\/wp-content\/uploads\/2026\/02\/logo-NZ.jpg\"><img loading=\"lazy\" src=\"https:\/\/usgpl.hr\/wp-content\/uploads\/2026\/02\/logo-NZ.jpg\" alt=\"\" class=\"wp-image-1369\" width=\"288\" height=\"288\" srcset=\"https:\/\/usgpl.hr\/wp-content\/uploads\/2026\/02\/logo-NZ.jpg 600w, https:\/\/usgpl.hr\/wp-content\/uploads\/2026\/02\/logo-NZ-300x300.jpg 300w, https:\/\/usgpl.hr\/wp-content\/uploads\/2026\/02\/logo-NZ-150x150.jpg 150w\" sizes=\"(max-width: 288px) 100vw, 288px\" \/><\/a><\/figure><\/div>\n\n\n\n<p class=\"has-text-align-center\">Udruga slijepih \u0160esto\u010dka je korisnik institucionalne podr\u0161ke Nacionalne zaklade za razvoj civilnoga dru\u0161tva za stabilizaciju i\/ili razvoj udruge.<\/p>\n","protected":false},"excerpt":{"rendered":"<p>NACIONALNA ZAKLADA \u2013 institucionalna podr\u0161ka udrugama osoba s invaliditetom Period trajanja prve godine provedbe: 01.01.2026.-31.12.2026.g. Iznos za prvu godinu potpore: 17.280,00 \u20ac Tekst: Nacionalna zaklada je vode\u0107a javna institucija za suradnju, povezivanje i financiranje organizacija civilnoga dru\u0161tva u Republici Hrvatskoj. Pru\u017ea sustavnu podr\u0161ku promicanju i razvoju civilnoga dru\u0161tva kroz programe dodjele financijskih sredstava, sufinanciranjem EU [&hellip;]<\/p>\n","protected":false},"author":3,"featured_media":0,"parent":0,"menu_order":0,"comment_status":"closed","ping_status":"closed","template":"","meta":[],"_links":{"self":[{"href":"https:\/\/usgpl.hr\/index.php?rest_route=\/wp\/v2\/pages\/1368"}],"collection":[{"href":"https:\/\/usgpl.hr\/index.php?rest_route=\/wp\/v2\/pages"}],"about":[{"href":"https:\/\/usgpl.hr\/index.php?rest_route=\/wp\/v2\/types\/page"}],"author":[{"embeddable":true,"href":"https:\/\/usgpl.hr\/index.php?rest_route=\/wp\/v2\/users\/3"}],"replies":[{"embeddable":true,"href":"https:\/\/usgpl.hr\/index.php?rest_route=%2Fwp%2Fv2%2Fcomments&post=1368"}],"version-history":[{"count":3,"href":"https:\/\/usgpl.hr\/index.php?rest_route=\/wp\/v2\/pages\/1368\/revisions"}],"predecessor-version":[{"id":1376,"href":"https:\/\/usgpl.hr\/index.php?rest_route=\/wp\/v2\/pages\/1368\/revisions\/1376"}],"wp:attachment":[{"href":"https:\/\/usgpl.hr\/index.php?rest_route=%2Fwp%2Fv2%2Fmedia&parent=1368"}],"curies":[{"name":"wp","href":"https:\/\/api.w.org\/{rel}","templated":true}]}}