{"id":1346,"date":"2025-12-04T08:39:07","date_gmt":"2025-12-04T08:39:07","guid":{"rendered":"https:\/\/usgpl.hr\/?page_id=1346"},"modified":"2026-03-18T11:44:12","modified_gmt":"2026-03-18T11:44:12","slug":"godisnji-planovi-i-izvjesca","status":"publish","type":"page","link":"https:\/\/usgpl.hr\/?page_id=1346","title":{"rendered":"Godi\u0161nji planovi i izvje\u0161\u0107a"},"content":{"rendered":"\n<div class=\"wp-block-file\"><a href=\"https:\/\/usgpl.hr\/wp-content\/uploads\/2026\/03\/Operativni-plan-udruga-slijepih-2026..pdf\">Operativni plan za 2026. godinu<\/a><a href=\"https:\/\/usgpl.hr\/wp-content\/uploads\/2026\/03\/Operativni-plan-udruga-slijepih-2026..pdf\" class=\"wp-block-file__button\" download>Preuzmi<\/a><\/div>\n\n\n\n<div class=\"wp-block-file\"><a href=\"https:\/\/usgpl.hr\/wp-content\/uploads\/2026\/03\/Financijski-plan-udruga-slijepih-2026..pdf\">Financijski plan za 2026. godinu<\/a><a href=\"https:\/\/usgpl.hr\/wp-content\/uploads\/2026\/03\/Financijski-plan-udruga-slijepih-2026..pdf\" class=\"wp-block-file__button\" download>Preuzmi<\/a><\/div>\n\n\n\n<p>______________________________________________<\/p>\n\n\n\n<div class=\"wp-block-file\"><a href=\"https:\/\/usgpl.hr\/wp-content\/uploads\/2026\/03\/Neprof701_compressed.pdf\">Financijsko izvje\u0161\u0107e za 2025. godinu<\/a><a href=\"https:\/\/usgpl.hr\/wp-content\/uploads\/2026\/03\/Neprof701_compressed.pdf\" class=\"wp-block-file__button\" download>Preuzmi<\/a><\/div>\n\n\n\n<div class=\"wp-block-file\"><a href=\"https:\/\/usgpl.hr\/wp-content\/uploads\/2026\/03\/Izvjesce-o-radu-2025.-Sestocka.pdf\">Godi\u0161nje izvje\u0161\u0107e o radu za 2025. godinu<\/a><a href=\"https:\/\/usgpl.hr\/wp-content\/uploads\/2026\/03\/Izvjesce-o-radu-2025.-Sestocka.pdf\" class=\"wp-block-file__button\" download>Preuzmi<\/a><\/div>\n\n\n\n<div class=\"wp-block-file\"><a href=\"https:\/\/usgpl.hr\/wp-content\/uploads\/2025\/12\/5.-Operativni-plan-2025.pdf\">Operativni plan za 2025. godinu<\/a><a href=\"https:\/\/usgpl.hr\/wp-content\/uploads\/2025\/12\/5.-Operativni-plan-2025.pdf\" class=\"wp-block-file__button\" download>Preuzmi<\/a><\/div>\n\n\n\n<div class=\"wp-block-file\"><a href=\"https:\/\/usgpl.hr\/wp-content\/uploads\/2025\/12\/Financijski-plan-2025.pdf\">Financijski plan za 2025. godinu<\/a><a href=\"https:\/\/usgpl.hr\/wp-content\/uploads\/2025\/12\/Financijski-plan-2025.pdf\" class=\"wp-block-file__button\" download>Preuzmi<\/a><\/div>\n\n\n\n<p>______________________________________________<\/p>\n\n\n\n<div class=\"wp-block-file\"><a href=\"https:\/\/usgpl.hr\/wp-content\/uploads\/2025\/12\/Financijsko-izvjesce-2024-Udruga-slijepih-Sestocka_.pdf\">Financijsko izvje\u0161\u0107e za 2024. godinu<\/a><a href=\"https:\/\/usgpl.hr\/wp-content\/uploads\/2025\/12\/Financijsko-izvjesce-2024-Udruga-slijepih-Sestocka_.pdf\" class=\"wp-block-file__button\" download>Preuzmi<\/a><\/div>\n\n\n\n<div class=\"wp-block-file\"><a href=\"https:\/\/usgpl.hr\/wp-content\/uploads\/2025\/12\/Godisnje-izvjesce-o-radu-2024.-Udruga-slijepih-Sestocka.pdf\">Godi\u0161nje izvje\u0161\u0107e o radu za 2024. godinu<\/a><a href=\"https:\/\/usgpl.hr\/wp-content\/uploads\/2025\/12\/Godisnje-izvjesce-o-radu-2024.-Udruga-slijepih-Sestocka.pdf\" class=\"wp-block-file__button\" download>Preuzmi<\/a><\/div>\n\n\n\n<p><\/p>\n","protected":false},"excerpt":{"rendered":"<p>______________________________________________ ______________________________________________<\/p>\n","protected":false},"author":3,"featured_media":0,"parent":0,"menu_order":0,"comment_status":"closed","ping_status":"closed","template":"","meta":[],"_links":{"self":[{"href":"https:\/\/usgpl.hr\/index.php?rest_route=\/wp\/v2\/pages\/1346"}],"collection":[{"href":"https:\/\/usgpl.hr\/index.php?rest_route=\/wp\/v2\/pages"}],"about":[{"href":"https:\/\/usgpl.hr\/index.php?rest_route=\/wp\/v2\/types\/page"}],"author":[{"embeddable":true,"href":"https:\/\/usgpl.hr\/index.php?rest_route=\/wp\/v2\/users\/3"}],"replies":[{"embeddable":true,"href":"https:\/\/usgpl.hr\/index.php?rest_route=%2Fwp%2Fv2%2Fcomments&post=1346"}],"version-history":[{"count":5,"href":"https:\/\/usgpl.hr\/index.php?rest_route=\/wp\/v2\/pages\/1346\/revisions"}],"predecessor-version":[{"id":1450,"href":"https:\/\/usgpl.hr\/index.php?rest_route=\/wp\/v2\/pages\/1346\/revisions\/1450"}],"wp:attachment":[{"href":"https:\/\/usgpl.hr\/index.php?rest_route=%2Fwp%2Fv2%2Fmedia&parent=1346"}],"curies":[{"name":"wp","href":"https:\/\/api.w.org\/{rel}","templated":true}]}}